{"id":215,"date":"2020-03-13T07:46:18","date_gmt":"2020-03-13T06:46:18","guid":{"rendered":"https:\/\/aliceguy.blogs.laclasse.com\/?page_id=215"},"modified":"2024-03-04T14:27:05","modified_gmt":"2024-03-04T13:27:05","slug":"le-college","status":"publish","type":"page","link":"https:\/\/aliceguy.blogs.laclasse.com\/?page_id=215","title":{"rendered":"BIENVENUE AU COLL\u00c8GE !"},"content":{"rendered":"<p><img loading=\"lazy\" decoding=\"async\" class=\"size-medium wp-image-235 aligncenter\" src=\"https:\/\/aliceguy.blogs.laclasse.com\/wp-content\/uploads\/sites\/3812\/2020\/04\/il-faut-tout-un-village-300x213.jpg\" alt=\"\" width=\"300\" height=\"213\" srcset=\"https:\/\/aliceguy.blogs.laclasse.com\/wp-content\/uploads\/sites\/3812\/2020\/04\/il-faut-tout-un-village-300x213.jpg 300w, https:\/\/aliceguy.blogs.laclasse.com\/wp-content\/uploads\/sites\/3812\/2020\/04\/il-faut-tout-un-village.jpg 560w\" sizes=\"auto, (max-width: 300px) 100vw, 300px\" \/><\/p>\n<h1>NOTRE COLL\u00c8GE<\/h1>\n<hr>\n<h3 style=\"text-align: center\"><span style=\"color: #3366ff\"><strong>Pour d\u00e9couvrir une pr\u00e9sentation interactive de notre coll\u00e8ge <\/strong><\/span><\/h3>\n<h3 style=\"text-align: center\"><span style=\"color: #3366ff\"><strong>et faire connaissance avec la communaut\u00e9 Alice Guy, <\/strong><\/span><\/h3>\n<h3 style=\"text-align: center\"><span style=\"color: #3366ff\"><strong>c&rsquo;est par ici !<\/strong><\/span><\/h3>\n<h3 style=\"text-align: center\"><span style=\"color: #ff6600\">Cliquez directement sur l&rsquo;image pour acc\u00e9der \u00e0 la&nbsp;<strong>VISITE VIRTUELLE.<\/strong><\/span><\/h3>\n<figure id=\"attachment_636\" aria-describedby=\"caption-attachment-636\" style=\"width: 600px\" class=\"wp-caption aligncenter\"><a href=\"https:\/\/view.genial.ly\/607f46cebdbd9e0db28089f9\"><img loading=\"lazy\" decoding=\"async\" class=\"wp-image-636 size-large\" src=\"https:\/\/aliceguy.blogs.laclasse.com\/wp-content\/uploads\/sites\/3812\/2020\/07\/coll\u00e8ge-visite-virtuelle-1024x461.png\" alt=\"\" width=\"600\" height=\"270\" srcset=\"https:\/\/aliceguy.blogs.laclasse.com\/wp-content\/uploads\/sites\/3812\/2020\/07\/coll\u00e8ge-visite-virtuelle-1024x461.png 1024w, https:\/\/aliceguy.blogs.laclasse.com\/wp-content\/uploads\/sites\/3812\/2020\/07\/coll\u00e8ge-visite-virtuelle-300x135.png 300w, https:\/\/aliceguy.blogs.laclasse.com\/wp-content\/uploads\/sites\/3812\/2020\/07\/coll\u00e8ge-visite-virtuelle-768x346.png 768w, https:\/\/aliceguy.blogs.laclasse.com\/wp-content\/uploads\/sites\/3812\/2020\/07\/coll\u00e8ge-visite-virtuelle.png 1143w\" sizes=\"auto, (max-width: 600px) 100vw, 600px\" \/><\/a><figcaption id=\"caption-attachment-636\" class=\"wp-caption-text\">Pr\u00e9sentation interactive du coll\u00e8ge Alice Guy<\/figcaption><\/figure>\n<hr>\n<h2><\/h2>\n<h2><strong>LES B\u00c2TIMENTS<\/strong><\/h2>\n<p>Le site de notre coll\u00e8ge est r\u00e9parti sur :<\/p>\n<ul>\n<li>un premier b\u00e2timent d&rsquo;accueil (Administration, Vie Scolaire, CDI, Infirmerie et Permanence Assistante sociale \/ Psy-En, Foyer des \u00e9l\u00e8ves),<\/li>\n<li>un deuxi\u00e8me b\u00e2timent communiquant sur 3 \u00e9tages avec les salles d&rsquo;enseignement et le r\u00e9fectoire,<\/li>\n<li>les deux b\u00e2timents sont desservis par un ascenseur et \u00e9quip\u00e9s pour accueillir nos \u00e9l\u00e8ves en situation de handicap,<\/li>\n<li>une cour, un pr\u00e9au et un parc \u00e0 v\u00e9los et trottinettes,<\/li>\n<li>une salle d&rsquo;\u00e9volution sportive.<\/li>\n<\/ul>\n<p><img loading=\"lazy\" decoding=\"async\" class=\"wp-image-274 size-thumbnail alignleft\" src=\"https:\/\/aliceguy.blogs.laclasse.com\/wp-content\/uploads\/sites\/3812\/2020\/04\/COLLEGE-ALICE-GUY-150x150.jpg\" alt=\"\" width=\"150\" height=\"150\"> <img loading=\"lazy\" decoding=\"async\" class=\"alignnone wp-image-275 size-thumbnail\" src=\"https:\/\/aliceguy.blogs.laclasse.com\/wp-content\/uploads\/sites\/3812\/2020\/04\/actu_cc_alice-guy-cayola_01-650x490-1-150x150.jpg\" alt=\"\" width=\"150\" height=\"150\"> <img loading=\"lazy\" decoding=\"async\" class=\"alignnone wp-image-276 size-thumbnail\" src=\"https:\/\/aliceguy.blogs.laclasse.com\/wp-content\/uploads\/sites\/3812\/2020\/04\/COLLEGE-ALICE-GUY-P1605591_10-150x150.jpg\" alt=\"\" width=\"150\" height=\"150\"><\/p>\n<h2><strong><br \/>\nLES SALLES<\/strong><\/h2>\n<p>Les salles sont \u00e9quip\u00e9es de vid\u00e9o-projecteurs et de TBI (Tableau interactif).<\/p>\n<p>Le coll\u00e8ge dispose:<\/p>\n<ul>\n<li>d&rsquo;un centre de documentation,<\/li>\n<li>d&rsquo;une salle de musique \u00e9quip\u00e9e,<\/li>\n<li>d&rsquo;une salle d\u00e9di\u00e9e aux Arts plastiques,<\/li>\n<li>de laboratoires,<\/li>\n<li>de deux salles informatiques,<\/li>\n<li>de valises mobiles de tablettes pour donner acc\u00e8s au num\u00e9rique \u00e0 l&rsquo;ensemble de nos \u00e9l\u00e8ves.<\/li>\n<\/ul>\n<p><img loading=\"lazy\" decoding=\"async\" class=\"alignnone size-medium wp-image-267\" src=\"https:\/\/aliceguy.blogs.laclasse.com\/wp-content\/uploads\/sites\/3812\/2020\/04\/IMG_4712-300x68.jpg\" alt=\"\" width=\"300\" height=\"68\" srcset=\"https:\/\/aliceguy.blogs.laclasse.com\/wp-content\/uploads\/sites\/3812\/2020\/04\/IMG_4712-300x68.jpg 300w, https:\/\/aliceguy.blogs.laclasse.com\/wp-content\/uploads\/sites\/3812\/2020\/04\/IMG_4712.jpg 626w\" sizes=\"auto, (max-width: 300px) 100vw, 300px\" \/><\/p>\n<p><img loading=\"lazy\" decoding=\"async\" class=\"alignnone wp-image-282 size-thumbnail\" src=\"https:\/\/aliceguy.blogs.laclasse.com\/wp-content\/uploads\/sites\/3812\/2020\/04\/COLLEGE-ALICE-GUY-P1605591_11-150x150.jpg\" alt=\"\" width=\"150\" height=\"150\"> <img loading=\"lazy\" decoding=\"async\" class=\"alignnone wp-image-283 size-thumbnail\" src=\"https:\/\/aliceguy.blogs.laclasse.com\/wp-content\/uploads\/sites\/3812\/2020\/04\/actu_cc_alice-guy-cayola_06-800x570-1-150x150.jpg\" alt=\"\" width=\"150\" height=\"150\"> <img loading=\"lazy\" decoding=\"async\" class=\"alignnone wp-image-284 size-thumbnail\" src=\"https:\/\/aliceguy.blogs.laclasse.com\/wp-content\/uploads\/sites\/3812\/2020\/04\/COLLEGE-ALICE-GUY-P1605591_06-150x150.jpg\" alt=\"\" width=\"150\" height=\"150\"><\/p>\n<p>&nbsp;<\/p>\n<h2>La salle ECLA ( dispositif ECole pour l&rsquo;Avenir) pour apprendre autrement<\/h2>\n<p>Une salle ECLA a \u00e9t\u00e9 mise en place par la M\u00e9tropole.<\/p>\n<p>Cet espace est dot\u00e9 principalement de chaises type NODE (Chaises \u00e0 roulettes).<br \/>\nCe dispositif est compl\u00e9t\u00e9 par des chariots mobiles de tablettes install\u00e9s dans le cadre du plan num\u00e9rique, d&rsquo;ordinateurs ainsi que d&rsquo;un TBI et son vid\u00e9o-projecteur.<\/p>\n<figure id=\"attachment_255\" aria-describedby=\"caption-attachment-255\" style=\"width: 300px\" class=\"wp-caption aligncenter\"><img loading=\"lazy\" decoding=\"async\" class=\"size-medium wp-image-255\" src=\"https:\/\/aliceguy.blogs.laclasse.com\/wp-content\/uploads\/sites\/3812\/2020\/04\/20180829_collegesmetropole_thierryfournier-4-300x200.jpg\" alt=\"\" width=\"300\" height=\"200\" srcset=\"https:\/\/aliceguy.blogs.laclasse.com\/wp-content\/uploads\/sites\/3812\/2020\/04\/20180829_collegesmetropole_thierryfournier-4-300x200.jpg 300w, https:\/\/aliceguy.blogs.laclasse.com\/wp-content\/uploads\/sites\/3812\/2020\/04\/20180829_collegesmetropole_thierryfournier-4-1024x684.jpg 1024w, https:\/\/aliceguy.blogs.laclasse.com\/wp-content\/uploads\/sites\/3812\/2020\/04\/20180829_collegesmetropole_thierryfournier-4-768x513.jpg 768w, https:\/\/aliceguy.blogs.laclasse.com\/wp-content\/uploads\/sites\/3812\/2020\/04\/20180829_collegesmetropole_thierryfournier-4-75x50.jpg 75w, https:\/\/aliceguy.blogs.laclasse.com\/wp-content\/uploads\/sites\/3812\/2020\/04\/20180829_collegesmetropole_thierryfournier-4.jpg 1200w\" sizes=\"auto, (max-width: 300px) 100vw, 300px\" \/><figcaption id=\"caption-attachment-255\" class=\"wp-caption-text\">La salle ECLA et nos \u00e9l\u00e8ves en plein travail!<\/figcaption><\/figure>\n<h2>&nbsp;<\/h2>\n<h2>NOTRE COLL\u00c8GE, C&rsquo;EST AUSSI :<\/h2>\n<ul>\n<li><strong>un encadrement individuel et collectif<\/strong>&nbsp;<strong>de la 6e \u00e0 la 3e<\/strong>: aide aux devoirs par les enseignant.e.s, tutorat et autres dispositifs p\u00e9dagogiques<\/li>\n<li>un <strong>Foyer Socio-\u00c9ducatif<\/strong> et ses <strong>clubs<\/strong> : jeux de soci\u00e9t\u00e9, \u00e9checs, club sciences, club \u00e9cologie, &#8230;<\/li>\n<li>une <strong>Chorale<\/strong><\/li>\n<li>une <strong>Association Sportive<\/strong> pour pratiquer de nombreux sports<\/li>\n<li>des <strong>sorties p\u00e9dagogiques <\/strong>(journ\u00e9e de coh\u00e9sion),&nbsp;<strong>avec nuit\u00e9e(s)<\/strong>&nbsp;(voyage au ski, &#8230;)<\/li>\n<li>des <strong>sorties culturelles <\/strong>: cin\u00e9ma, m\u00e9diath\u00e8que du Bachut, th\u00e9\u00e2tre en anglais&#8230;<\/li>\n<li>des <strong>projets, ateliers<\/strong> et <strong>partenariats<\/strong>: programme \u00e9ducatif <em>Agora Cin\u00e9<\/em> en 3e, association <em>&lsquo;Raconte-Moi un match&rsquo;<\/em>, course ELA pour la recherche m\u00e9dicale, concours d&rsquo;urbanisme Tony Garnier, atelier d&rsquo;urbanisme &lsquo;La ville du futur&rsquo;, concours &lsquo;Non au harc\u00e8lement&rsquo;, concours du Big Challenge en anglais, &#8230;<\/li>\n<\/ul>\n<p style=\"text-align: center\">Le coll\u00e8ge Alice Guy,<\/p>\n<p style=\"text-align: center\">ce sont aussi des expositions, des concerts, des \u00e9changes et bien d&rsquo;autres moments \u00e0 partager!<\/p>\n<p><img loading=\"lazy\" decoding=\"async\" class=\"aligncenter wp-image-256 size-medium\" src=\"https:\/\/aliceguy.blogs.laclasse.com\/wp-content\/uploads\/sites\/3812\/2020\/04\/COLLEGE-ALICE-GUY-P1605591_01-300x188.jpg\" alt=\"\" width=\"300\" height=\"188\" srcset=\"https:\/\/aliceguy.blogs.laclasse.com\/wp-content\/uploads\/sites\/3812\/2020\/04\/COLLEGE-ALICE-GUY-P1605591_01-300x188.jpg 300w, https:\/\/aliceguy.blogs.laclasse.com\/wp-content\/uploads\/sites\/3812\/2020\/04\/COLLEGE-ALICE-GUY-P1605591_01-768x482.jpg 768w, https:\/\/aliceguy.blogs.laclasse.com\/wp-content\/uploads\/sites\/3812\/2020\/04\/COLLEGE-ALICE-GUY-P1605591_01.jpg 780w\" sizes=\"auto, (max-width: 300px) 100vw, 300px\" \/><\/p>\n","protected":false},"excerpt":{"rendered":"<p>NOTRE COLL\u00c8GE Pour d\u00e9couvrir une pr\u00e9sentation interactive de notre coll\u00e8ge et faire connaissance avec la communaut\u00e9 Alice Guy, c&rsquo;est par ici ! Cliquez directement sur l&rsquo;image pour acc\u00e9der \u00e0 la&nbsp;VISITE VIRTUELLE. LES B\u00c2TIMENTS Le site de notre coll\u00e8ge est r\u00e9parti <a class=\"more-link\" href=\"https:\/\/aliceguy.blogs.laclasse.com\/?page_id=215\">Continuer la lecture <span class=\"screen-reader-text\">  BIENVENUE AU COLL\u00c8GE !<\/span><span class=\"meta-nav\">&rarr;<\/span><\/a><\/p>\n","protected":false},"author":89567,"featured_media":0,"parent":0,"menu_order":0,"comment_status":"closed","ping_status":"closed","template":"","meta":{"ngg_post_thumbnail":0,"footnotes":""},"class_list":["post-215","page","type-page","status-publish","hentry"],"_links":{"self":[{"href":"https:\/\/aliceguy.blogs.laclasse.com\/index.php?rest_route=\/wp\/v2\/pages\/215","targetHints":{"allow":["GET"]}}],"collection":[{"href":"https:\/\/aliceguy.blogs.laclasse.com\/index.php?rest_route=\/wp\/v2\/pages"}],"about":[{"href":"https:\/\/aliceguy.blogs.laclasse.com\/index.php?rest_route=\/wp\/v2\/types\/page"}],"author":[{"embeddable":true,"href":"https:\/\/aliceguy.blogs.laclasse.com\/index.php?rest_route=\/wp\/v2\/users\/89567"}],"replies":[{"embeddable":true,"href":"https:\/\/aliceguy.blogs.laclasse.com\/index.php?rest_route=%2Fwp%2Fv2%2Fcomments&post=215"}],"version-history":[{"count":5,"href":"https:\/\/aliceguy.blogs.laclasse.com\/index.php?rest_route=\/wp\/v2\/pages\/215\/revisions"}],"predecessor-version":[{"id":4674,"href":"https:\/\/aliceguy.blogs.laclasse.com\/index.php?rest_route=\/wp\/v2\/pages\/215\/revisions\/4674"}],"wp:attachment":[{"href":"https:\/\/aliceguy.blogs.laclasse.com\/index.php?rest_route=%2Fwp%2Fv2%2Fmedia&parent=215"}],"curies":[{"name":"wp","href":"https:\/\/api.w.org\/{rel}","templated":true}]}}